{"id":90,"date":"2021-01-30T21:02:05","date_gmt":"2021-01-30T21:02:05","guid":{"rendered":"http:\/\/mohairhairmakeup.es\/?page_id=90"},"modified":"2026-01-25T11:52:31","modified_gmt":"2026-01-25T11:52:31","slug":"composiciones-de-color","status":"publish","type":"page","link":"https:\/\/mohairhairmakeup.es\/index.php\/composiciones-de-color\/","title":{"rendered":"Composiciones de color"},"content":{"rendered":"<p>[et_pb_section fb_built=\u00bb1&#8243; _builder_version=\u00bb4.8.1&#8243; _module_preset=\u00bbdefault\u00bb custom_padding=\u00bb12px||18px||false|false\u00bb][et_pb_row _builder_version=\u00bb4.8.1&#8243; _module_preset=\u00bbdefault\u00bb background_image=\u00bbhttps:\/\/mohairhairmakeup.es\/wp-content\/uploads\/2021\/02\/composiciones-color.jpg\u00bb custom_padding=\u00bb70px||71px|||\u00bb][et_pb_column type=\u00bb4_4&#8243; _builder_version=\u00bb4.8.1&#8243; _module_preset=\u00bbdefault\u00bb][et_pb_text _builder_version=\u00bb4.8.1&#8243; _module_preset=\u00bbdefault\u00bb header_font=\u00bb|600|||||||\u00bb header_text_align=\u00bbcenter\u00bb header_text_color=\u00bb#FFFFFF\u00bb custom_padding=\u00bb||||false|false\u00bb]<\/p>\n<h1>COMPOSICI\u00d3N DE COLOR<\/h1>\n<p>[\/et_pb_text][et_pb_button button_url=\u00bbhttps:\/\/mohairhairmakeup.es\/index.php\/contacto\/\u00bb button_text=\u00bbRESERVAR CITA\u00bb button_alignment=\u00bbcenter\u00bb _builder_version=\u00bb4.8.1&#8243; _module_preset=\u00bbdefault\u00bb custom_button=\u00bbon\u00bb button_text_color=\u00bb#FFFFFF\u00bb custom_margin=\u00bb||||false|false\u00bb custom_padding=\u00bb||||false|false\u00bb][\/et_pb_button][\/et_pb_column][\/et_pb_row][\/et_pb_section][et_pb_section fb_built=\u00bb1&#8243; _builder_version=\u00bb4.8.1&#8243; _module_preset=\u00bbdefault\u00bb background_color=\u00bbRGBA(0,0,0,0)\u00bb background_enable_image=\u00bboff\u00bb background_size=\u00bbcontain\u00bb background_position=\u00bbtop_center\u00bb background_repeat=\u00bbrepeat-y\u00bb custom_padding=\u00bb29px||21px|||\u00bb][et_pb_row _builder_version=\u00bb4.8.1&#8243; _module_preset=\u00bbdefault\u00bb background_enable_color=\u00bboff\u00bb custom_margin=\u00bb|auto|30px|auto||\u00bb custom_padding=\u00bb2px|||||\u00bb][et_pb_column type=\u00bb4_4&#8243; _builder_version=\u00bb4.8.1&#8243; _module_preset=\u00bbdefault\u00bb][et_pb_text _builder_version=\u00bb4.8.1&#8243; _module_preset=\u00bbdefault\u00bb text_font_size=\u00bb20px\u00bb text_line_height=\u00bb1.9em\u00bb text_orientation=\u00bbcenter\u00bb custom_margin=\u00bb||48px|||\u00bb custom_padding=\u00bb|9vw||9vw|false|false\u00bb]<\/p>\n<p><span class=\"s1\">Coloraciones personalizadas, e<\/span><span class=\"s1\">mbellecedores de canas, p<\/span><span>osibilidades infinitas.<\/span><\/p>\n<p>[\/et_pb_text][et_pb_accordion open_toggle_text_color=\u00bb#000000&#8243; open_toggle_background_color=\u00bbRGBA(0,0,0,0)\u00bb closed_toggle_background_color=\u00bbRGBA(0,0,0,0)\u00bb icon_color=\u00bb#9fb315&#8243; use_icon_font_size=\u00bbon\u00bb icon_font_size=\u00bb30px\u00bb _builder_version=\u00bb4.8.1&#8243; _module_preset=\u00bbdefault\u00bb toggle_text_color=\u00bb#000000&#8243; toggle_font=\u00bb|600|||||||\u00bb toggle_font_size=\u00bb17px\u00bb background_enable_color=\u00bboff\u00bb custom_margin=\u00bb||||false|false\u00bb custom_padding=\u00bb||||false|false\u00bb hover_enabled=\u00bb0&#8243; border_width_all=\u00bb0px\u00bb border_width_top=\u00bb2px\u00bb border_color_top=\u00bb#282831&#8243; border_width_bottom=\u00bb2px\u00bb border_color_bottom=\u00bb#282831&#8243; sticky_enabled=\u00bb0&#8243;][et_pb_accordion_item title=\u00bbT\u00c9CNICAS DE CLARO OSCURO\u00bb _builder_version=\u00bb4.8.1&#8243; _module_preset=\u00bbdefault\u00bb hover_enabled=\u00bb0&#8243; open=\u00bboff\u00bb sticky_enabled=\u00bb0&#8243;]<\/p>\n<div class=\"page\" title=\"Page 13\">\n<div class=\"section\">\n<div class=\"layoutArea\">\n<div class=\"column\">\n<p><span>Aporta luz o profundidad donde tu cabello lo necesite.<\/span><\/p>\n<p><span><\/span><\/p>\n<p><span>Mechas &#8211;\u00a0<strong>PRECIO 57 \u20ac<\/strong><\/span><\/p>\n<p><span>Tiempo: 60\u00b4<\/span><\/p>\n<p><span><\/span><\/p>\n<p><span>1\/2 Mechas &#8211;\u00a0<strong>PRECIO 40 \u20ac<\/strong><\/span><\/p>\n<p><span>Tiempo: 30 \u00b4<\/span><\/p>\n<p><span><\/span><\/p>\n<p><span>Cerco &#8211; <strong>PRECIO 17 \u20ac<\/strong><\/span><\/p>\n<p><span>Tiempo: 15\u00b4<\/span><\/p>\n<p><span><\/span><\/p>\n<p><span>Contorno &#8211;\u00a0<strong>PRECIO 22 \u20ac<\/strong><\/span><\/p>\n<p><span>Tiempo: 20\u00b4<\/span><\/p>\n<p><span><\/span><\/p>\n<p><span>Balayage &#8211;\u00a0<strong>PRECIO 50 \u20ac<\/strong><\/span><\/p>\n<p><span>Tiempo: 40\u00b4<\/span><\/p>\n<p><span><\/span><\/p>\n<p><span>Degradado &#8211;\u00a0<strong>PRECIO 40 \u20ac<\/strong><\/span><\/p>\n<p><span>Tiempo: 30\u00b4<\/span><\/p>\n<\/div>\n<div class=\"column\">\n<p><span> <\/span><\/p>\n<\/div>\n<\/div>\n<\/div>\n<\/div>\n<p>[\/et_pb_accordion_item][et_pb_accordion_item title=\u00bbSEGURO CAPILAR RESET\u00bb _builder_version=\u00bb4.8.1&#8243; _module_preset=\u00bbdefault\u00bb hover_enabled=\u00bb0&#8243; open=\u00bbon\u00bb sticky_enabled=\u00bb0&#8243;]<\/p>\n<div class=\"page\" title=\"Page 14\">\n<div class=\"section\">\n<div class=\"layoutArea\">\n<div class=\"column\">\n<p><span>Aditivo para servicios t\u00e9cnicos que protege y repara la estructura capilar a la vez que lo coloreas o lo decoloras.<br \/> Consigue mayor durabilidad del color.<br \/> Es el sue\u00f1o hecho realidad de los coloristas, ya que ayuda a conseguir cambios de color o de forma sin rotura, antes imposibles en una sesi\u00f3n. Recomendado a todo tipo de cabellos. <\/span><\/p>\n<p><span>Tiempo: 20\u00b4<\/span><\/p>\n<p><span><\/span><\/p>\n<\/div>\n<\/div>\n<\/div>\n<\/div>\n<p class=\"p3\"><strong>PRECIO: 22 \u20ac<\/strong><\/p>\n<p>[\/et_pb_accordion_item][et_pb_accordion_item title=\u00bbT\u00d3NER\u00bb _builder_version=\u00bb4.8.1&#8243; _module_preset=\u00bbdefault\u00bb hover_enabled=\u00bb0&#8243; open=\u00bboff\u00bb sticky_enabled=\u00bb0&#8243;]<\/p>\n<div class=\"page\" title=\"Page 14\">\n<div class=\"section\">\n<div class=\"layoutArea\">\n<div class=\"column\">\n<p><span>Matizador que neutraliza los subtonos indeseados, cubrir canas o para cambiar tu tono natural.<\/span><\/p>\n<p><span><\/span><\/p>\n<\/div>\n<\/div>\n<\/div>\n<\/div>\n<p class=\"p3\"><span class=\"s1\">Tiempo: 30\u00b4 <\/span><\/p>\n<p class=\"p3\"><strong>PRECIO: 30 \u20ac<\/strong><\/p>\n<p>[\/et_pb_accordion_item][et_pb_accordion_item title=\u00bbDECAPADOS\u00bb _builder_version=\u00bb4.8.1&#8243; _module_preset=\u00bbdefault\u00bb hover_enabled=\u00bb0&#8243; open=\u00bboff\u00bb sticky_enabled=\u00bb0&#8243;]<\/p>\n<div class=\"page\" title=\"Page 15\">\n<div class=\"section\">\n<div class=\"layoutArea\">\n<div class=\"column\">\n<p><span>Consigue una base muy clara o aclara el tono que llevas para poder matizar con cualquier tono fantas\u00eda o tono natural. <\/span><\/p>\n<p><span><\/span><\/p>\n<\/div>\n<\/div>\n<\/div>\n<\/div>\n<p><span>Ra\u00edz &#8211;\u00a0<strong>PRECIO 42 \u20ac<\/strong><\/span><\/p>\n<p><span>Tiempo: 60\u00b4<\/span><\/p>\n<p><span><\/span><\/p>\n<p><span>Parcial &#8211;\u00a0<strong>PRECIO 32 \u20ac<\/strong><\/span><\/p>\n<p><span>Tiempo: 60 \u00b4<\/span><\/p>\n<p><span><\/span><\/p>\n<p><span>Global &#8211; <strong>PRECIO 72 \u20ac<\/strong><\/span><\/p>\n<p><span>Tiempo: 60\u00b4<\/span><\/p>\n<p><span><\/span><\/p>\n<p><span>2\u00aa aplicaci\u00f3n &#8211;\u00a0<strong>PRECIO 62 \u20ac<\/strong><\/span><\/p>\n<p><span>Tiempo: 60\u00b4<\/span><\/p>\n<p><span><\/span><\/p>\n<p><span>3\u00aa aplicaci\u00f3n &#8211; <strong>PRECIO 52 \u20ac<\/strong><\/span><\/p>\n<p><span>Tiempo: 60\u00b4<\/span><\/p>\n<p><span><\/span><\/p>\n<p><span>Arrastre &#8211;\u00a0<strong>PRECIO 18 \u20ac<\/strong><\/span><\/p>\n<p><span>Tiempo: 10\u00b4<\/span><\/p>\n<p>[\/et_pb_accordion_item][et_pb_accordion_item title=\u00bbCOLORACI\u00d3N BOT\u00c1NICA\u00bb open=\u00bboff\u00bb _builder_version=\u00bb4.8.1&#8243; _module_preset=\u00bbdefault\u00bb hover_enabled=\u00bb0&#8243; sticky_enabled=\u00bb0&#8243;]<\/p>\n<div class=\"page\" title=\"Page 16\">\n<div class=\"section\">\n<div class=\"layoutArea\">\n<div class=\"column\">\n<p><span>Pigmentos derivados de flores y plantas, con certificaci\u00f3n org\u00e1nica, sin oxidante, sin amon\u00edaco, 100% vegano. Aportan tonos naturales, cuerpo, brillo e hidratan. <\/span><\/p>\n<p><span><\/span><\/p>\n<\/div>\n<\/div>\n<\/div>\n<\/div>\n<p class=\"p3\"><strong><span class=\"s1\">Barros<\/span><\/strong><\/p>\n<p class=\"p3\" style=\"padding-left: 30px;\"><span class=\"s1\">Retoque de Ra\u00edz &#8211;\u00a0<strong>PRECIO 57 \u20ac<\/strong><\/span><\/p>\n<p class=\"p3\" style=\"padding-left: 30px;\"><span class=\"s1\">Aplicaci\u00f3n extra &#8211;\u00a0<strong>PRECIO 17 \u20ac<\/strong><\/span><\/p>\n<p class=\"p3\"><span class=\"s1\">Tiempo: 45\u00b4<\/span><\/p>\n<p class=\"p3\"><span class=\"s1\"><\/span><\/p>\n<p class=\"p3\"><span class=\"s1\"><strong>Veladura de color<\/strong><\/span><\/p>\n<p class=\"p3\" style=\"padding-left: 30px;\"><span class=\"s1\">Retoque de ra\u00edz &#8211;\u00a0<strong>PRECIO 37 \u20ac<\/strong><\/span><\/p>\n<p class=\"p3\" style=\"padding-left: 30px;\"><span class=\"s1\">Aplicaci\u00f3n extra &#8211;\u00a0<strong>PRECIO 13 \u20ac<\/strong><\/span><\/p>\n<p class=\"p3\"><span class=\"s1\">Tiempo: 30\u00b4<\/span><\/p>\n<p class=\"p3\"><span class=\"s1\"><\/span><\/p>\n<p class=\"p3\"><span class=\"s1\"><strong>Barniz<\/strong> &#8211;\u00a0<strong>PRECIO 32 \u20ac<\/strong><\/span><\/p>\n<p class=\"p3\"><span class=\"s1\">Tiempo: 30\u00b4<\/span><\/p>\n<p>[\/et_pb_accordion_item][\/et_pb_accordion][\/et_pb_column][\/et_pb_row][\/et_pb_section]<\/p>\n","protected":false},"excerpt":{"rendered":"<p>[et_pb_section fb_built=\u00bb1&#8243; _builder_version=\u00bb4.8.1&#8243; _module_preset=\u00bbdefault\u00bb custom_padding=\u00bb12px||18px||false|false\u00bb][et_pb_row _builder_version=\u00bb4.8.1&#8243; _module_preset=\u00bbdefault\u00bb background_image=\u00bbhttps:\/\/mohairhairmakeup.es\/wp-content\/uploads\/2021\/02\/composiciones-color.jpg\u00bb custom_padding=\u00bb70px||71px|||\u00bb][et_pb_column type=\u00bb4_4&#8243; _builder_version=\u00bb4.8.1&#8243; _module_preset=\u00bbdefault\u00bb][et_pb_text _builder_version=\u00bb4.8.1&#8243; _module_preset=\u00bbdefault\u00bb header_font=\u00bb|600|||||||\u00bb header_text_align=\u00bbcenter\u00bb header_text_color=\u00bb#FFFFFF\u00bb custom_padding=\u00bb||||false|false\u00bb] COMPOSICI\u00d3N DE COLOR [\/et_pb_text][et_pb_button button_url=\u00bbhttps:\/\/mohairhairmakeup.es\/index.php\/contacto\/\u00bb button_text=\u00bbRESERVAR CITA\u00bb button_alignment=\u00bbcenter\u00bb _builder_version=\u00bb4.8.1&#8243; _module_preset=\u00bbdefault\u00bb custom_button=\u00bbon\u00bb button_text_color=\u00bb#FFFFFF\u00bb custom_margin=\u00bb||||false|false\u00bb custom_padding=\u00bb||||false|false\u00bb][\/et_pb_button][\/et_pb_column][\/et_pb_row][\/et_pb_section][et_pb_section fb_built=\u00bb1&#8243; _builder_version=\u00bb4.8.1&#8243; _module_preset=\u00bbdefault\u00bb background_color=\u00bbRGBA(0,0,0,0)\u00bb background_enable_image=\u00bboff\u00bb background_size=\u00bbcontain\u00bb background_position=\u00bbtop_center\u00bb background_repeat=\u00bbrepeat-y\u00bb custom_padding=\u00bb29px||21px|||\u00bb][et_pb_row _builder_version=\u00bb4.8.1&#8243; _module_preset=\u00bbdefault\u00bb background_enable_color=\u00bboff\u00bb custom_margin=\u00bb|auto|30px|auto||\u00bb custom_padding=\u00bb2px|||||\u00bb][et_pb_column type=\u00bb4_4&#8243; _builder_version=\u00bb4.8.1&#8243; _module_preset=\u00bbdefault\u00bb][et_pb_text _builder_version=\u00bb4.8.1&#8243; _module_preset=\u00bbdefault\u00bb text_font_size=\u00bb20px\u00bb text_line_height=\u00bb1.9em\u00bb text_orientation=\u00bbcenter\u00bb custom_margin=\u00bb||48px|||\u00bb [&hellip;]<\/p>\n","protected":false},"author":1,"featured_media":0,"parent":0,"menu_order":0,"comment_status":"closed","ping_status":"closed","template":"","meta":{"_et_pb_use_builder":"on","_et_pb_old_content":"","_et_gb_content_width":"","footnotes":""},"class_list":["post-90","page","type-page","status-publish","hentry"],"_links":{"self":[{"href":"https:\/\/mohairhairmakeup.es\/index.php\/wp-json\/wp\/v2\/pages\/90","targetHints":{"allow":["GET"]}}],"collection":[{"href":"https:\/\/mohairhairmakeup.es\/index.php\/wp-json\/wp\/v2\/pages"}],"about":[{"href":"https:\/\/mohairhairmakeup.es\/index.php\/wp-json\/wp\/v2\/types\/page"}],"author":[{"embeddable":true,"href":"https:\/\/mohairhairmakeup.es\/index.php\/wp-json\/wp\/v2\/users\/1"}],"replies":[{"embeddable":true,"href":"https:\/\/mohairhairmakeup.es\/index.php\/wp-json\/wp\/v2\/comments?post=90"}],"version-history":[{"count":14,"href":"https:\/\/mohairhairmakeup.es\/index.php\/wp-json\/wp\/v2\/pages\/90\/revisions"}],"predecessor-version":[{"id":572,"href":"https:\/\/mohairhairmakeup.es\/index.php\/wp-json\/wp\/v2\/pages\/90\/revisions\/572"}],"wp:attachment":[{"href":"https:\/\/mohairhairmakeup.es\/index.php\/wp-json\/wp\/v2\/media?parent=90"}],"curies":[{"name":"wp","href":"https:\/\/api.w.org\/{rel}","templated":true}]}}