{"id":69,"date":"2021-01-30T19:24:03","date_gmt":"2021-01-30T19:24:03","guid":{"rendered":"http:\/\/mohairhairmakeup.es\/?page_id=69"},"modified":"2026-01-31T12:19:21","modified_gmt":"2026-01-31T12:19:21","slug":"tratamientos-capilares-2","status":"publish","type":"page","link":"https:\/\/mohairhairmakeup.es\/index.php\/tratamientos-capilares-2\/","title":{"rendered":"Tratamientos capilares"},"content":{"rendered":"<p>[et_pb_section fb_built=\u00bb1&#8243; _builder_version=\u00bb4.8.1&#8243; _module_preset=\u00bbdefault\u00bb custom_padding=\u00bb12px||18px||false|false\u00bb][et_pb_row _builder_version=\u00bb4.8.1&#8243; _module_preset=\u00bbdefault\u00bb background_image=\u00bbhttps:\/\/mohairhairmakeup.es\/wp-content\/uploads\/2021\/02\/tratamientos-capilares.jpg\u00bb custom_padding=\u00bb70px||71px|||\u00bb][et_pb_column type=\u00bb4_4&#8243; _builder_version=\u00bb4.8.1&#8243; _module_preset=\u00bbdefault\u00bb][et_pb_text _builder_version=\u00bb4.8.1&#8243; _module_preset=\u00bbdefault\u00bb header_font=\u00bb|600|||||||\u00bb header_text_align=\u00bbcenter\u00bb header_text_color=\u00bb#FFFFFF\u00bb custom_padding=\u00bb||||false|false\u00bb]<\/p>\n<h1>TRATAMIENTOS CAPILARES<\/h1>\n<p>[\/et_pb_text][et_pb_button button_url=\u00bbhttps:\/\/mohairhairmakeup.es\/index.php\/contacto\/\u00bb button_text=\u00bbRESERVAR CITA\u00bb button_alignment=\u00bbcenter\u00bb _builder_version=\u00bb4.8.1&#8243; _module_preset=\u00bbdefault\u00bb custom_button=\u00bbon\u00bb button_text_color=\u00bb#FFFFFF\u00bb custom_margin=\u00bb||||false|false\u00bb custom_padding=\u00bb||||false|false\u00bb][\/et_pb_button][\/et_pb_column][\/et_pb_row][\/et_pb_section][et_pb_section fb_built=\u00bb1&#8243; _builder_version=\u00bb4.8.1&#8243; _module_preset=\u00bbdefault\u00bb background_color=\u00bbRGBA(0,0,0,0)\u00bb background_enable_image=\u00bboff\u00bb background_size=\u00bbcontain\u00bb background_position=\u00bbtop_center\u00bb background_repeat=\u00bbrepeat-y\u00bb custom_padding=\u00bb29px||21px|||\u00bb][et_pb_row _builder_version=\u00bb4.8.1&#8243; _module_preset=\u00bbdefault\u00bb background_enable_color=\u00bboff\u00bb custom_margin=\u00bb|auto|30px|auto||\u00bb custom_padding=\u00bb2px|||||\u00bb][et_pb_column type=\u00bb4_4&#8243; _builder_version=\u00bb4.8.1&#8243; _module_preset=\u00bbdefault\u00bb][et_pb_text _builder_version=\u00bb4.8.1&#8243; _module_preset=\u00bbdefault\u00bb text_font_size=\u00bb20px\u00bb text_line_height=\u00bb1.9em\u00bb text_orientation=\u00bbcenter\u00bb custom_margin=\u00bb||48px|||\u00bb custom_padding=\u00bb|9vw||9vw|false|false\u00bb]<\/p>\n<p><span class=\"s1\">Descubre los beneficios de la Ciencia y la Fitocosm\u00e9tica capilar. Rel\u00e1jate mientras disfrutas de estos tratamientos que cubren cualquier necesidad del cuero cabelludo y cabello.<\/span><\/p>\n<p>[\/et_pb_text][et_pb_accordion open_toggle_text_color=\u00bb#000000&#8243; open_toggle_background_color=\u00bbRGBA(0,0,0,0)\u00bb closed_toggle_background_color=\u00bbRGBA(0,0,0,0)\u00bb icon_color=\u00bb#9fb315&#8243; use_icon_font_size=\u00bbon\u00bb icon_font_size=\u00bb30px\u00bb _builder_version=\u00bb4.8.1&#8243; _module_preset=\u00bbdefault\u00bb toggle_text_color=\u00bb#000000&#8243; toggle_font=\u00bb|600|||||||\u00bb toggle_font_size=\u00bb17px\u00bb background_enable_color=\u00bboff\u00bb custom_margin=\u00bb||||false|false\u00bb custom_padding=\u00bb||||false|false\u00bb hover_enabled=\u00bb0&#8243; border_width_all=\u00bb0px\u00bb border_width_top=\u00bb2px\u00bb border_color_top=\u00bb#282831&#8243; border_width_bottom=\u00bb2px\u00bb border_color_bottom=\u00bb#282831&#8243; sticky_enabled=\u00bb0&#8243;][et_pb_accordion_item title=\u00bbHIDRATANTE\u00bb open=\u00bbon\u00bb _builder_version=\u00bb4.8.1&#8243; _module_preset=\u00bbdefault\u00bb]<\/p>\n<p class=\"p1\"><span class=\"s1\">Potente tratamiento que combina aloe vera y vitamina C, que aportan elasticidad y equilibran la porosidad del cabello.<\/span><\/p>\n<p class=\"p2\"><span class=\"s1\">Ideal para cabellos secos o da\u00f1ados a nivel medioambiental o procesados qu\u00edmicamente.<\/span><\/p>\n<p class=\"p3\"><span class=\"s1\">Tiempo: 20\u00b4 <\/span><\/p>\n<p class=\"p3\"><strong>PRECIO: 31 \u20ac<\/strong><\/p>\n<p>[\/et_pb_accordion_item][et_pb_accordion_item title=\u00bbANTI-CA\u00cdDA PROFUNDO\u00bb _builder_version=\u00bb4.8.1&#8243; _module_preset=\u00bbdefault\u00bb open=\u00bboff\u00bb]<\/p>\n<p class=\"p1\"><span class=\"s1\">Ritual que calma, exfolia, descongestiona, y prepara el cuero cabelludo para la aplicaci\u00f3n de una ampolla con masaje craneal formulada con Aminexil 15.000 ppm, vitaminas B3 y E, y Complexe AOX, que ayudan al fol\u00edculo piloso a recibir m\u00e1s nutrientes y m\u00e1s ox\u00edgeno.Tambi\u00e9n protege la fibra del estr\u00e9s oxidativo.<\/span><\/p>\n<p class=\"p2\"><span class=\"s1\">Tiempo: 30\u00b4 <\/span><\/p>\n<p class=\"p3\"><strong>PRECIO: 41 \u20ac<\/strong><\/p>\n<p>[\/et_pb_accordion_item][et_pb_accordion_item title=\u00bbMANTENIMIENTO RESET\u00bb _builder_version=\u00bb4.8.1&#8243; _module_preset=\u00bbdefault\u00bb body_text_color=\u00bb#000000&#8243; hover_enabled=\u00bb0&#8243; open=\u00bboff\u00bb sticky_enabled=\u00bb0&#8243;]<\/p>\n<p class=\"p1\"><span class=\"s1\">Aporte del principio activo n\u00aa 3 del tratamiento Reset .<\/span><\/p>\n<p class=\"p1\"><span class=\"s1\">Sirve para mantener sus eficaces efectos.<\/span><\/p>\n<p class=\"p2\"><span class=\"s1\">Indicado para cabellos da\u00f1ados, muy procesados qu\u00edmicamente o con tendencia a la rotura de las fibras.<\/span><\/p>\n<p class=\"p3\"><span class=\"s1\">Tiempo: 20\u00b4 <\/span><\/p>\n<p class=\"p3\"><strong>PRECIO: 10 \u20ac<\/strong><\/p>\n<p>[\/et_pb_accordion_item][et_pb_accordion_item title=\u00bbBRILLO + HIDRATACI\u00d3N\u00bb _builder_version=\u00bb4.8.1&#8243; _module_preset=\u00bbdefault\u00bb hover_enabled=\u00bb0&#8243; open=\u00bboff\u00bb sticky_enabled=\u00bb0&#8243;]<\/p>\n<p class=\"p1\"><span class=\"s1\">Revela el brillo espejo gracias a la acci\u00f3n del t\u00e1ndem que forman el barniz capilar 98% bot\u00e1nico y el aporte de aloe vera.Indicado para cabellos procesados o secos.<\/span><\/p>\n<p class=\"p2\"><span class=\"s1\">Tiempo: 20\u00b4 <\/span><\/p>\n<p class=\"p3\"><strong>PRECIO: 41 \u20ac<\/strong><\/p>\n<p>[\/et_pb_accordion_item][et_pb_accordion_item title=\u00bbANTIOXIDANTE\u00bb _builder_version=\u00bb4.8.1&#8243; _module_preset=\u00bbdefault\u00bb open=\u00bboff\u00bb]<\/p>\n<p class=\"p1\"><span class=\"s1\">Tratamiento antiedad a nivel global que previene el desgaste celular.<\/span><\/p>\n<p class=\"p1\"><span class=\"s1\">Formulado con extracto de espinacas, bayas de maqui, t\u00e9 verde ,\u00a0 carnosina y vitamina B3.<\/span><\/p>\n<p class=\"p2\"><span class=\"s1\">Ideal para todo tipo de cabellos que quieran mantener el bienestar del cuero cabelludo y fibra capilar aumentando su longevidad.<\/span><\/p>\n<p class=\"p3\"><span class=\"s1\">Tiempo: 30\u00b4 <\/span><\/p>\n<p class=\"p3\"><strong>PRECIO: 51 \u20ac<\/strong><\/p>\n<p>[\/et_pb_accordion_item][et_pb_accordion_item title=\u00bbMANTENIMIENTO ANTI-CA\u00cdDA\u00bb _builder_version=\u00bb4.8.1&#8243; _module_preset=\u00bbdefault\u00bb open=\u00bboff\u00bb]<\/p>\n<p class=\"p1\"><span class=\"s1\">Ritual redensificante formulado con Aminexil, moringa y vitamina E que mejora la densidad, reduce la tasa de p\u00e9rdida y la irritaci\u00f3n favoreciendo el volumen.<\/span><\/p>\n<p class=\"p2\"><span class=\"s1\">Tiempo: 15\u00b4 <\/span><\/p>\n<p class=\"p3\"><strong>PRECIO: 20 \u20ac<\/strong><\/p>\n<p>[\/et_pb_accordion_item][et_pb_accordion_item title=\u00bbSUPERSERVICIO RESET\u00bb _builder_version=\u00bb4.8.1&#8243; _module_preset=\u00bbdefault\u00bb open=\u00bboff\u00bb]<\/p>\n<p class=\"p1\"><span class=\"s1\">La revoluci\u00f3n a nivel t\u00e9cnico. <\/span><\/p>\n<p class=\"p1\"><span class=\"s1\">Descubre el Bis-Aminopropil: Un principio activo que ha cambiado el mundo de los coloristas y estilistas de todo el mundo, porque repara los da\u00f1os en el cabello, reconstruyendo su interior, fortaleci\u00e9ndolo y sellando la estructura capilar.<\/span><\/p>\n<p class=\"p1\"><span class=\"s1\">Se puede usar, tanto para curar, como para proteger el cabello en servicios de coloraci\u00f3n, decapados, moldeadores o mechas.<\/span><\/p>\n<p class=\"p2\"><span class=\"s1\">Indicado para cabellos muy porosos, con tendencia a la rotura ,coloreados qu\u00edmicamente o decolorados.<\/span><\/p>\n<p class=\"p3\"><span class=\"s1\">Tiempo: 45\u00b4 <\/span><\/p>\n<p class=\"p3\"><strong>PRECIO: 47 \u20ac<\/strong><\/p>\n<p>[\/et_pb_accordion_item][et_pb_accordion_item title=\u00bbNUTRICI\u00d3N\u00bb _builder_version=\u00bb4.8.1&#8243; _module_preset=\u00bbdefault\u00bb open=\u00bboff\u00bb]<\/p>\n<p class=\"p1\"><span class=\"s1\">Alimenta tu cabello a base de prote\u00ednas con este tratamiento aplicado con calor seco que mejora la hidrataci\u00f3n y favorece la recuperaci\u00f3n biol\u00f3gica a partir de su absorci\u00f3n en la cut\u00edcula y el c\u00f3rtex.<\/span><\/p>\n<p class=\"p2\"><span class=\"s1\">Recomendado para aquellos cabellos que deseen neutralizar el efecto nocivo del agua de las piscinas en los cabellos.<\/span><\/p>\n<p class=\"p3\"><span class=\"s1\">Tiempo: 30\u00b4 <\/span><\/p>\n<p class=\"p3\"><strong>PRECIO: 32 \u20ac<\/strong><\/p>\n<p>[\/et_pb_accordion_item][et_pb_accordion_item title=\u00bbNUTRICI\u00d3N PROFUNDA\u00bb _builder_version=\u00bb4.8.1&#8243; _module_preset=\u00bbdefault\u00bb open=\u00bboff\u00bb]<\/p>\n<p class=\"p1\"><span class=\"s1\">Potente mezcla con fitoc\u00e9uticos extra\u00eddos de la semilla de la uva, queratina vegetal, y aceite esencial de mandarina que reconstruyen y nutren a nivel interno.<\/span><\/p>\n<p class=\"p2\"><span class=\"s1\">Indicado para cabellos muy secos y desfibrados, con puntas abiertas, cabellos finos y gruesos.<\/span><\/p>\n<p class=\"p3\"><span class=\"s1\">Tiempo: 25\u00b4 <\/span><\/p>\n<p class=\"p3\"><strong>PRECIO: 47 \u20ac<\/strong><\/p>\n<p>[\/et_pb_accordion_item][et_pb_accordion_item title=\u00bbREVITALIZANTE\u00bb _builder_version=\u00bb4.8.1&#8243; _module_preset=\u00bbdefault\u00bb open=\u00bboff\u00bb]<\/p>\n<p class=\"p1\"><span class=\"s1\">Tratamiento de lujo que relaja, regenera, calma picores, revitaliza y sublima<span class=\"Apple-converted-space\">\u00a0 <\/span>todo tipo de cueros cabelludos y cabellos.<\/span><\/p>\n<p class=\"p1\"><span class=\"s1\">Entre sus ingredientes est\u00e1n el concentrado de activos marinos y vegetales, el aceite esencial de laurel y perlas de caviar mim\u00e9tico.<\/span><\/p>\n<p class=\"p1\"><span class=\"s1\">El resultado es un cabello suave, flexible, brillante y una fibra capilar renovada, fortalecida y nutrida.<\/span><\/p>\n<p class=\"p2\"><span class=\"s1\">Indicado en cabellos desvitalizados, en cueros cabelludos con descamaci\u00f3n, picor e inflamaci\u00f3n.<\/span><\/p>\n<p class=\"p3\"><span class=\"s1\">Tiempo: 55\u00b4 <\/span><\/p>\n<p class=\"p3\"><strong>PRECIO: 60 \u20ac<\/strong><\/p>\n<p>[\/et_pb_accordion_item][et_pb_accordion_item title=\u00bbHIDRATACI\u00d3N PROFUNDA\u00bb _builder_version=\u00bb4.8.1&#8243; _module_preset=\u00bbdefault\u00bb open=\u00bboff\u00bb]<\/p>\n<p class=\"p2\"><span class=\"s1\">Ritual que tonifica, restituye la elasticidad perdida y rellena la hebra capilar. Formulado con aceite esencial de petit grain, fitoc\u00e9uticos extraidos de la ciruela y \u00e1cido hialur\u00f3nico.<\/span><\/p>\n<p class=\"p2\"><span class=\"s1\">Recomendado para todo tipo de cabellos.<\/span><\/p>\n<p class=\"p3\"><span class=\"s1\">Tiempo: 35\u00b4<\/span><\/p>\n<p class=\"p3\"><strong>PRECIO: 50 \u20ac<\/strong><\/p>\n<p>[\/et_pb_accordion_item][\/et_pb_accordion][et_pb_gallery gallery_ids=\u00bb165,166,167,168,169,171,172,173,175,176,212,211,196,291,213&#8243; posts_number=\u00bb12&#8243; show_title_and_caption=\u00bboff\u00bb show_pagination=\u00bboff\u00bb _builder_version=\u00bb4.8.1&#8243; _module_preset=\u00bbdefault\u00bb background_layout=\u00bbdark\u00bb module_alignment=\u00bbcenter\u00bb custom_margin=\u00bb59px|||||\u00bb][\/et_pb_gallery][\/et_pb_column][\/et_pb_row][\/et_pb_section]<\/p>\n","protected":false},"excerpt":{"rendered":"<p>[et_pb_section fb_built=\u00bb1&#8243; _builder_version=\u00bb4.8.1&#8243; _module_preset=\u00bbdefault\u00bb custom_padding=\u00bb12px||18px||false|false\u00bb][et_pb_row _builder_version=\u00bb4.8.1&#8243; _module_preset=\u00bbdefault\u00bb background_image=\u00bbhttps:\/\/mohairhairmakeup.es\/wp-content\/uploads\/2021\/02\/tratamientos-capilares.jpg\u00bb custom_padding=\u00bb70px||71px|||\u00bb][et_pb_column type=\u00bb4_4&#8243; _builder_version=\u00bb4.8.1&#8243; _module_preset=\u00bbdefault\u00bb][et_pb_text _builder_version=\u00bb4.8.1&#8243; _module_preset=\u00bbdefault\u00bb header_font=\u00bb|600|||||||\u00bb header_text_align=\u00bbcenter\u00bb header_text_color=\u00bb#FFFFFF\u00bb custom_padding=\u00bb||||false|false\u00bb] TRATAMIENTOS CAPILARES [\/et_pb_text][et_pb_button button_url=\u00bbhttps:\/\/mohairhairmakeup.es\/index.php\/contacto\/\u00bb button_text=\u00bbRESERVAR CITA\u00bb button_alignment=\u00bbcenter\u00bb _builder_version=\u00bb4.8.1&#8243; _module_preset=\u00bbdefault\u00bb custom_button=\u00bbon\u00bb button_text_color=\u00bb#FFFFFF\u00bb custom_margin=\u00bb||||false|false\u00bb custom_padding=\u00bb||||false|false\u00bb][\/et_pb_button][\/et_pb_column][\/et_pb_row][\/et_pb_section][et_pb_section fb_built=\u00bb1&#8243; _builder_version=\u00bb4.8.1&#8243; _module_preset=\u00bbdefault\u00bb background_color=\u00bbRGBA(0,0,0,0)\u00bb background_enable_image=\u00bboff\u00bb background_size=\u00bbcontain\u00bb background_position=\u00bbtop_center\u00bb background_repeat=\u00bbrepeat-y\u00bb custom_padding=\u00bb29px||21px|||\u00bb][et_pb_row _builder_version=\u00bb4.8.1&#8243; _module_preset=\u00bbdefault\u00bb background_enable_color=\u00bboff\u00bb custom_margin=\u00bb|auto|30px|auto||\u00bb custom_padding=\u00bb2px|||||\u00bb][et_pb_column type=\u00bb4_4&#8243; _builder_version=\u00bb4.8.1&#8243; _module_preset=\u00bbdefault\u00bb][et_pb_text _builder_version=\u00bb4.8.1&#8243; _module_preset=\u00bbdefault\u00bb text_font_size=\u00bb20px\u00bb text_line_height=\u00bb1.9em\u00bb text_orientation=\u00bbcenter\u00bb custom_margin=\u00bb||48px|||\u00bb custom_padding=\u00bb|9vw||9vw|false|false\u00bb] [&hellip;]<\/p>\n","protected":false},"author":1,"featured_media":0,"parent":0,"menu_order":0,"comment_status":"closed","ping_status":"closed","template":"","meta":{"_et_pb_use_builder":"on","_et_pb_old_content":"","_et_gb_content_width":"","footnotes":""},"class_list":["post-69","page","type-page","status-publish","hentry"],"_links":{"self":[{"href":"https:\/\/mohairhairmakeup.es\/index.php\/wp-json\/wp\/v2\/pages\/69","targetHints":{"allow":["GET"]}}],"collection":[{"href":"https:\/\/mohairhairmakeup.es\/index.php\/wp-json\/wp\/v2\/pages"}],"about":[{"href":"https:\/\/mohairhairmakeup.es\/index.php\/wp-json\/wp\/v2\/types\/page"}],"author":[{"embeddable":true,"href":"https:\/\/mohairhairmakeup.es\/index.php\/wp-json\/wp\/v2\/users\/1"}],"replies":[{"embeddable":true,"href":"https:\/\/mohairhairmakeup.es\/index.php\/wp-json\/wp\/v2\/comments?post=69"}],"version-history":[{"count":53,"href":"https:\/\/mohairhairmakeup.es\/index.php\/wp-json\/wp\/v2\/pages\/69\/revisions"}],"predecessor-version":[{"id":593,"href":"https:\/\/mohairhairmakeup.es\/index.php\/wp-json\/wp\/v2\/pages\/69\/revisions\/593"}],"wp:attachment":[{"href":"https:\/\/mohairhairmakeup.es\/index.php\/wp-json\/wp\/v2\/media?parent=69"}],"curies":[{"name":"wp","href":"https:\/\/api.w.org\/{rel}","templated":true}]}}